{"id":1510,"date":"2022-08-04T07:15:00","date_gmt":"2022-08-04T05:15:00","guid":{"rendered":"https:\/\/marc-marti.com\/decoracion-de-interiores\/"},"modified":"2022-08-24T17:48:50","modified_gmt":"2022-08-24T15:48:50","slug":"decoracio-dinteriors","status":"publish","type":"page","link":"https:\/\/marc-marti.com\/ca\/decoracio-dinteriors\/","title":{"rendered":"Decoraci\u00f3 d\u2019interiors"},"content":{"rendered":"<p><div class=\"fusion-fullwidth fullwidth-box fusion-builder-row-1 fusion-flex-container has-pattern-background has-mask-background nonhundred-percent-fullwidth non-hundred-percent-height-scrolling\" style=\"--awb-border-radius-top-left:0px;--awb-border-radius-top-right:0px;--awb-border-radius-bottom-right:0px;--awb-border-radius-bottom-left:0px;--awb-background-color:var(--awb-color2);--awb-flex-wrap:wrap;\" id=\"decoracion\" ><div class=\"fusion-builder-row fusion-row fusion-flex-align-items-flex-start fusion-flex-content-wrap\" style=\"max-width:1248px;margin-left: calc(-4% \/ 2 );margin-right: calc(-4% \/ 2 );\"><div class=\"fusion-layout-column fusion_builder_column fusion-builder-column-0 fusion_builder_column_1_1 1_1 fusion-flex-column fusion-animated\" style=\"--awb-bg-size:cover;--awb-width-large:100%;--awb-margin-top-large:120px;--awb-spacing-right-large:1.92%;--awb-margin-bottom-large:20px;--awb-spacing-left-large:1.92%;--awb-width-medium:100%;--awb-order-medium:0;--awb-spacing-right-medium:1.92%;--awb-spacing-left-medium:1.92%;--awb-width-small:100%;--awb-order-small:0;--awb-spacing-right-small:1.92%;--awb-spacing-left-small:1.92%;\" data-animationType=\"slideInLeft\" data-animationDuration=\"1.5\" data-animationOffset=\"top-into-view\"><div class=\"fusion-column-wrapper fusion-column-has-shadow fusion-flex-justify-content-flex-start fusion-content-layout-column\"><div class=\"fusion-title title fusion-title-1 fusion-sep-none fusion-title-text fusion-title-size-one\" style=\"--awb-text-color:var(--awb-color5);--awb-margin-bottom:0px;--awb-margin-top-small:10px;--awb-margin-right-small:0px;--awb-margin-bottom-small:10px;--awb-margin-left-small:0px;\"><h1 class=\"fusion-title-heading title-heading-left fusion-responsive-typography-calculated\" style=\"margin:0;--fontSize:80;line-height:1;\">DECORACI\u00d3 D\u2019INTERIORS<\/h1><\/div><div class=\"fusion-text fusion-text-1\" style=\"--awb-font-size:19px;\"><p><strong>Impressi\u00f3 digital per a decoraci\u00f3 d&#8217;interiors i revestiments vin\u00edlics<\/strong><\/p>\n<\/div><div class=\"fusion-text fusion-text-2\"><p>Per a l&#8217;interiorisme, <strong>oferim la possibilitat de modificar i renovar espais<\/strong>, amb la utilitzaci\u00f3 de revestiments vin\u00edlics. Amb la nostra gamma pr\u00f2pia <strong>COMMVER<\/strong>, pots aconseguir efectes i textures de <strong>marbre, fusta, pell, acabats met\u00e0l\u00b7lics, t\u00e8xtils, esmaixades o amb brillantor<\/strong>. Aquestes s\u00f3n nom\u00e9s algunes de les possibilitats, que ofereixen les m\u00e9s de <strong>700 refer\u00e8ncies<\/strong> de qu\u00e8 disposem. Comptem amb <strong>instal\u00b7ladors oficials<\/strong> amb <strong>mobilitat geogr\u00e0fica<\/strong>. Una soluci\u00f3 senzilla, accessible i sense reformes, que permet obtenir un resultat diferenciador. <strong>Restauraci\u00f3 de Vest\u00edbuls, passadissos, habitacions, banys, portes, ascensors, sales de confer\u00e8ncies, zones de restauraci\u00f3<\/strong>. Les possibilitats de renovaci\u00f3 que ofereix la nostra gamma de revestiments s\u00f3n infinites, gr\u00e0cies al seu ampli ventall d&#8217;acabats, colors i textures.<\/p>\n<\/div><\/div><\/div><div class=\"fusion-layout-column fusion_builder_column fusion-builder-column-1 fusion_builder_column_1_1 1_1 fusion-flex-column fusion-animated\" style=\"--awb-padding-bottom:40px;--awb-bg-size:cover;--awb-width-large:100%;--awb-margin-top-large:0px;--awb-spacing-right-large:1.92%;--awb-margin-bottom-large:20px;--awb-spacing-left-large:1.92%;--awb-width-medium:100%;--awb-order-medium:0;--awb-spacing-right-medium:1.92%;--awb-spacing-left-medium:1.92%;--awb-width-small:100%;--awb-order-small:0;--awb-spacing-right-small:1.92%;--awb-spacing-left-small:1.92%;\" data-animationType=\"slideInUp\" data-animationDuration=\"1.5\" data-animationOffset=\"top-into-view\"><div class=\"fusion-column-wrapper fusion-column-has-shadow fusion-flex-justify-content-flex-start fusion-content-layout-column\"><div class=\"awb-gallery-wrapper awb-gallery-wrapper-1 button-span-no\" style=\"--more-btn-alignment:center;\"><div style=\"margin:-15px;--awb-bordersize:0px;\" class=\"fusion-gallery fusion-gallery-container fusion-grid-4 fusion-columns-total-7 fusion-gallery-layout-grid fusion-gallery-1\"><div style=\"padding:15px;\" class=\"fusion-grid-column fusion-gallery-column fusion-gallery-column-4 hover-type-none\"><div class=\"fusion-gallery-image\"><a href=\"https:\/\/marc-marti.com\/wp-content\/uploads\/2022\/08\/marc-marti-decoracion-de-interiores-01.jpg\" rel=\"noreferrer\" data-rel=\"iLightbox[gallery_image_1]\" class=\"fusion-lightbox\" target=\"_self\"><img decoding=\"async\" src=\"https:\/\/marc-marti.com\/wp-content\/uploads\/2022\/08\/marc-marti-decoracion-de-interiores-01-320x202.jpg\" width=\"320\" height=\"202\" alt=\"\" title=\"marc-marti-decoracion-de-interiores-01\" aria-label=\"marc-marti-decoracion-de-interiores-01\" class=\"img-responsive wp-image-715 fusion-gallery-image-size-fixed\" srcset=\"https:\/\/marc-marti.com\/wp-content\/uploads\/2022\/08\/marc-marti-decoracion-de-interiores-01-320x202.jpg 320w, https:\/\/marc-marti.com\/wp-content\/uploads\/2022\/08\/marc-marti-decoracion-de-interiores-01-700x441.jpg 700w\" sizes=\"(max-width: 320px) 100vw, 320px\" \/><\/a><\/div><\/div><div style=\"padding:15px;\" class=\"fusion-grid-column fusion-gallery-column fusion-gallery-column-4 hover-type-none\"><div class=\"fusion-gallery-image\"><a href=\"https:\/\/marc-marti.com\/wp-content\/uploads\/2022\/08\/marc-marti-decoracion-de-interiores-02.jpg\" rel=\"noreferrer\" data-rel=\"iLightbox[gallery_image_1]\" class=\"fusion-lightbox\" target=\"_self\"><img decoding=\"async\" src=\"https:\/\/marc-marti.com\/wp-content\/uploads\/2022\/08\/marc-marti-decoracion-de-interiores-02-320x202.jpg\" width=\"320\" height=\"202\" alt=\"\" title=\"marc-marti-decoracion-de-interiores-02\" aria-label=\"marc-marti-decoracion-de-interiores-02\" class=\"img-responsive wp-image-474 fusion-gallery-image-size-fixed\"  \/><\/a><\/div><\/div><div style=\"padding:15px;\" class=\"fusion-grid-column fusion-gallery-column fusion-gallery-column-4 hover-type-none\"><div class=\"fusion-gallery-image\"><a href=\"https:\/\/marc-marti.com\/wp-content\/uploads\/2022\/08\/marc-marti-decoracion-de-interiores-03.jpg\" rel=\"noreferrer\" data-rel=\"iLightbox[gallery_image_1]\" class=\"fusion-lightbox\" target=\"_self\"><img decoding=\"async\" src=\"https:\/\/marc-marti.com\/wp-content\/uploads\/2022\/08\/marc-marti-decoracion-de-interiores-03-320x202.jpg\" width=\"320\" height=\"202\" alt=\"\" title=\"marc-marti-decoracion-de-interiores-03\" aria-label=\"marc-marti-decoracion-de-interiores-03\" class=\"img-responsive wp-image-475 fusion-gallery-image-size-fixed\" srcset=\"https:\/\/marc-marti.com\/wp-content\/uploads\/2022\/08\/marc-marti-decoracion-de-interiores-03-320x202.jpg 320w, https:\/\/marc-marti.com\/wp-content\/uploads\/2022\/08\/marc-marti-decoracion-de-interiores-03-700x441.jpg 700w\" sizes=\"(max-width: 320px) 100vw, 320px\" \/><\/a><\/div><\/div><div style=\"padding:15px;\" class=\"fusion-grid-column fusion-gallery-column fusion-gallery-column-4 hover-type-none\"><div class=\"fusion-gallery-image\"><a href=\"https:\/\/marc-marti.com\/wp-content\/uploads\/2022\/08\/marc-marti-decoracion-de-interiores-04.jpg\" rel=\"noreferrer\" data-rel=\"iLightbox[gallery_image_1]\" class=\"fusion-lightbox\" target=\"_self\"><img decoding=\"async\" src=\"https:\/\/marc-marti.com\/wp-content\/uploads\/2022\/08\/marc-marti-decoracion-de-interiores-04-320x202.jpg\" width=\"320\" height=\"202\" alt=\"\" title=\"marc-marti-decoracion-de-interiores-04\" aria-label=\"marc-marti-decoracion-de-interiores-04\" class=\"img-responsive wp-image-476 fusion-gallery-image-size-fixed\" srcset=\"https:\/\/marc-marti.com\/wp-content\/uploads\/2022\/08\/marc-marti-decoracion-de-interiores-04-320x202.jpg 320w, https:\/\/marc-marti.com\/wp-content\/uploads\/2022\/08\/marc-marti-decoracion-de-interiores-04-700x441.jpg 700w\" sizes=\"(max-width: 320px) 100vw, 320px\" \/><\/a><\/div><\/div><div class=\"clearfix\"><\/div><div style=\"padding:15px;\" class=\"fusion-grid-column fusion-gallery-column fusion-gallery-column-4 hover-type-none\"><div class=\"fusion-gallery-image\"><a href=\"https:\/\/marc-marti.com\/wp-content\/uploads\/2022\/08\/marc-marti-decoracion-de-interiores-05.jpg\" rel=\"noreferrer\" data-rel=\"iLightbox[gallery_image_1]\" class=\"fusion-lightbox\" target=\"_self\"><img decoding=\"async\" src=\"https:\/\/marc-marti.com\/wp-content\/uploads\/2022\/08\/marc-marti-decoracion-de-interiores-05-320x202.jpg\" width=\"320\" height=\"202\" alt=\"\" title=\"marc-marti-decoracion-de-interiores-05\" aria-label=\"marc-marti-decoracion-de-interiores-05\" class=\"img-responsive wp-image-477 fusion-gallery-image-size-fixed\" srcset=\"https:\/\/marc-marti.com\/wp-content\/uploads\/2022\/08\/marc-marti-decoracion-de-interiores-05-320x202.jpg 320w, https:\/\/marc-marti.com\/wp-content\/uploads\/2022\/08\/marc-marti-decoracion-de-interiores-05-700x441.jpg 700w\" sizes=\"(max-width: 320px) 100vw, 320px\" \/><\/a><\/div><\/div><div style=\"padding:15px;\" class=\"fusion-grid-column fusion-gallery-column fusion-gallery-column-4 hover-type-none\"><div class=\"fusion-gallery-image\"><a href=\"https:\/\/marc-marti.com\/wp-content\/uploads\/2022\/08\/marc-marti-decoracion-de-interiores-06.jpg\" rel=\"noreferrer\" data-rel=\"iLightbox[gallery_image_1]\" class=\"fusion-lightbox\" target=\"_self\"><img decoding=\"async\" src=\"https:\/\/marc-marti.com\/wp-content\/uploads\/2022\/08\/marc-marti-decoracion-de-interiores-06-320x202.jpg\" width=\"320\" height=\"202\" alt=\"\" title=\"marc-marti-decoracion-de-interiores-06\" aria-label=\"marc-marti-decoracion-de-interiores-06\" class=\"img-responsive wp-image-478 fusion-gallery-image-size-fixed\" srcset=\"https:\/\/marc-marti.com\/wp-content\/uploads\/2022\/08\/marc-marti-decoracion-de-interiores-06-320x202.jpg 320w, https:\/\/marc-marti.com\/wp-content\/uploads\/2022\/08\/marc-marti-decoracion-de-interiores-06-700x441.jpg 700w\" sizes=\"(max-width: 320px) 100vw, 320px\" \/><\/a><\/div><\/div><div style=\"padding:15px;\" class=\"fusion-grid-column fusion-gallery-column fusion-gallery-column-4 hover-type-none\"><div class=\"fusion-gallery-image\"><a href=\"https:\/\/marc-marti.com\/wp-content\/uploads\/2022\/08\/marc-marti-decoracion-de-interiores-07.jpg\" rel=\"noreferrer\" data-rel=\"iLightbox[gallery_image_1]\" class=\"fusion-lightbox\" target=\"_self\"><img decoding=\"async\" src=\"https:\/\/marc-marti.com\/wp-content\/uploads\/2022\/08\/marc-marti-decoracion-de-interiores-07-320x202.jpg\" width=\"320\" height=\"202\" alt=\"\" title=\"marc-marti-decoracion-de-interiores-07\" aria-label=\"marc-marti-decoracion-de-interiores-07\" class=\"img-responsive wp-image-479 fusion-gallery-image-size-fixed\" srcset=\"https:\/\/marc-marti.com\/wp-content\/uploads\/2022\/08\/marc-marti-decoracion-de-interiores-07-320x202.jpg 320w, https:\/\/marc-marti.com\/wp-content\/uploads\/2022\/08\/marc-marti-decoracion-de-interiores-07-700x441.jpg 700w\" sizes=\"(max-width: 320px) 100vw, 320px\" \/><\/a><\/div><\/div><\/div><\/div><\/div><\/div><div class=\"fusion-layout-column fusion_builder_column fusion-builder-column-2 fusion_builder_column_1_1 1_1 fusion-flex-column fusion-animated\" style=\"--awb-bg-size:cover;--awb-width-large:100%;--awb-margin-top-large:0px;--awb-spacing-right-large:1.92%;--awb-margin-bottom-large:50px;--awb-spacing-left-large:1.92%;--awb-width-medium:100%;--awb-order-medium:0;--awb-spacing-right-medium:1.92%;--awb-spacing-left-medium:1.92%;--awb-width-small:100%;--awb-order-small:0;--awb-spacing-right-small:1.92%;--awb-spacing-left-small:1.92%;\" data-animationType=\"slideInRight\" data-animationDuration=\"1.5\" data-animationOffset=\"top-into-view\"><div class=\"fusion-column-wrapper fusion-column-has-shadow fusion-flex-justify-content-flex-start fusion-content-layout-column\"><div style=\"text-align:center;\"><a class=\"fusion-button button-flat button-xlarge button-default fusion-button-default button-1 fusion-button-default-span fusion-button-default-type\" target=\"_self\" href=\"https:\/\/marc-marti.com\/ca\/productes\/\"><span class=\"fusion-button-text awb-button__text awb-button__text--default\">Veure tots els productes<\/span><\/a><\/div><\/div><\/div><\/div><\/div><div class=\"fusion-fullwidth fullwidth-box fusion-builder-row-2 fusion-flex-container has-pattern-background has-mask-background fusion-parallax-none nonhundred-percent-fullwidth non-hundred-percent-height-scrolling\" style=\"--awb-border-radius-top-left:0px;--awb-border-radius-top-right:0px;--awb-border-radius-bottom-right:0px;--awb-border-radius-bottom-left:0px;--awb-padding-top:80px;--awb-padding-bottom:80px;--awb-background-color:rgba(0,0,0,0.15);--awb-background-image:linear-gradient(180deg, rgba(0,0,0,0.15) 0%,rgba(0,0,0,0.15) 100%),url(https:\/\/marc-marti.com\/wp-content\/uploads\/2022\/08\/fonspressupostosmm-min.jpg);;--awb-background-size:cover;--awb-flex-wrap:wrap;\" ><div class=\"fusion-builder-row fusion-row fusion-flex-align-items-flex-start fusion-flex-justify-content-center fusion-flex-content-wrap\" style=\"max-width:1248px;margin-left: calc(-4% \/ 2 );margin-right: calc(-4% \/ 2 );\"><div class=\"fusion-layout-column fusion_builder_column fusion-builder-column-3 fusion_builder_column_1_1 1_1 fusion-flex-column fusion-animated\" style=\"--awb-bg-size:cover;--awb-width-large:100%;--awb-margin-top-large:0px;--awb-spacing-right-large:1.92%;--awb-margin-bottom-large:40px;--awb-spacing-left-large:1.92%;--awb-width-medium:100%;--awb-order-medium:0;--awb-spacing-right-medium:1.92%;--awb-spacing-left-medium:1.92%;--awb-width-small:100%;--awb-order-small:0;--awb-spacing-right-small:1.92%;--awb-spacing-left-small:1.92%;\" data-animationType=\"slideInLeft\" data-animationDuration=\"1.5\" data-animationOffset=\"top-into-view\"><div class=\"fusion-column-wrapper fusion-column-has-shadow fusion-flex-justify-content-flex-start fusion-content-layout-column\"><div class=\"fusion-title title fusion-title-2 fusion-sep-none fusion-title-center fusion-title-text fusion-title-size-two\" style=\"--awb-text-color:var(--awb-color1);--awb-margin-top-small:10px;--awb-margin-right-small:0px;--awb-margin-bottom-small:10px;--awb-margin-left-small:0px;\"><h2 class=\"fusion-title-heading title-heading-center fusion-responsive-typography-calculated\" style=\"margin:0;--fontSize:55;line-height:var(--awb-typography1-line-height);\">Demana el teu pressupost sense comprom\u00eds<\/h2><\/div><\/div><\/div><div class=\"fusion-layout-column fusion_builder_column fusion-builder-column-4 fusion_builder_column_2_3 2_3 fusion-flex-column fusion-animated\" style=\"--awb-bg-size:cover;--awb-width-large:66.666666666667%;--awb-margin-top-large:0px;--awb-spacing-right-large:2.88%;--awb-margin-bottom-large:20px;--awb-spacing-left-large:2.88%;--awb-width-medium:66.666666666667%;--awb-order-medium:0;--awb-spacing-right-medium:2.88%;--awb-spacing-left-medium:2.88%;--awb-width-small:100%;--awb-order-small:0;--awb-spacing-right-small:1.92%;--awb-spacing-left-small:1.92%;\" data-animationType=\"slideInRight\" data-animationDuration=\"1.5\" data-animationOffset=\"top-into-view\"><div class=\"fusion-column-wrapper fusion-column-has-shadow fusion-flex-justify-content-flex-start fusion-content-layout-column\">\n<div class=\"wpcf7 no-js\" id=\"wpcf7-f920-o1\" lang=\"es-ES\" dir=\"ltr\" data-wpcf7-id=\"920\">\n<div class=\"screen-reader-response\"><p role=\"status\" aria-live=\"polite\" aria-atomic=\"true\"><\/p> <ul><\/ul><\/div>\n<form action=\"\/ca\/wp-json\/wp\/v2\/pages\/1510#wpcf7-f920-o1\" method=\"post\" class=\"wpcf7-form init\" aria-label=\"Formulario de contacto\" novalidate=\"novalidate\" data-status=\"init\">\n<fieldset class=\"hidden-fields-container\"><input type=\"hidden\" name=\"_wpcf7\" value=\"920\" \/><input type=\"hidden\" name=\"_wpcf7_version\" value=\"6.1.5\" \/><input type=\"hidden\" name=\"_wpcf7_locale\" value=\"es_ES\" \/><input type=\"hidden\" name=\"_wpcf7_unit_tag\" value=\"wpcf7-f920-o1\" \/><input type=\"hidden\" name=\"_wpcf7_container_post\" value=\"0\" \/><input type=\"hidden\" name=\"_wpcf7_posted_data_hash\" value=\"\" \/>\n<\/fieldset>\n<div class=\"fusion-one-half one_half fusion-layout-column fusion-spacing-yes\">\n\t<p><span class=\"wpcf7-form-control-wrap\" data-name=\"NOMBRE\"><input size=\"40\" maxlength=\"400\" class=\"wpcf7-form-control wpcf7-text wpcf7-validates-as-required\" aria-required=\"true\" aria-invalid=\"false\" placeholder=\"NOM I COGNOMS*\" value=\"\" type=\"text\" name=\"NOMBRE\" \/><\/span>\n\t<\/p>\n<\/div>\n<div class=\"fusion-one-half one_half fusion-layout-column fusion-spacing-yes fusion-column-last\">\n\t<p><span class=\"wpcf7-form-control-wrap\" data-name=\"EMPRESA\"><input size=\"40\" maxlength=\"400\" class=\"wpcf7-form-control wpcf7-text wpcf7-validates-as-required\" aria-required=\"true\" aria-invalid=\"false\" placeholder=\"EMPRESA*\" value=\"\" type=\"text\" name=\"EMPRESA\" \/><\/span>\n\t<\/p>\n<\/div>\n<div class=\"fusion-one-half one_half fusion-layout-column fusion-spacing-yes\">\n\t<p><span class=\"wpcf7-form-control-wrap\" data-name=\"email-545\"><input size=\"40\" maxlength=\"400\" class=\"wpcf7-form-control wpcf7-email wpcf7-validates-as-required wpcf7-text wpcf7-validates-as-email\" aria-required=\"true\" aria-invalid=\"false\" placeholder=\"E-MAIL*\" value=\"\" type=\"email\" name=\"email-545\" \/><\/span>\n\t<\/p>\n<\/div>\n<div class=\"fusion-one-half one_half fusion-layout-column fusion-spacing-yes fusion-column-last\">\n\t<p><span class=\"wpcf7-form-control-wrap\" data-name=\"tel-790\"><input size=\"40\" maxlength=\"400\" class=\"wpcf7-form-control wpcf7-tel wpcf7-validates-as-required wpcf7-text wpcf7-validates-as-tel\" aria-required=\"true\" aria-invalid=\"false\" placeholder=\"TEL\u00c8FON*\" value=\"\" type=\"tel\" name=\"tel-790\" \/><\/span>\n\t<\/p>\n<\/div>\n<p><span class=\"wpcf7-form-control-wrap\" data-name=\"textarea-294\"><textarea cols=\"40\" rows=\"10\" maxlength=\"2000\" class=\"wpcf7-form-control wpcf7-textarea wpcf7-validates-as-required\" aria-required=\"true\" aria-invalid=\"false\" placeholder=\"EN QU\u00c8 PODEM AJUDAR-TE?\" name=\"textarea-294\"><\/textarea><\/span>\n<\/p>\n<p><span class=\"wpcf7-form-control-wrap\" data-name=\"quiz-359\"><label><span class=\"wpcf7-quiz-label\">10+13= ?<\/span> <input size=\"40\" class=\"wpcf7-form-control wpcf7-quiz\" autocomplete=\"off\" aria-required=\"true\" aria-invalid=\"false\" type=\"text\" name=\"quiz-359\" \/><\/label><input type=\"hidden\" name=\"_wpcf7_quiz_answer_quiz-359\" value=\"5a4e01a50d3fb6c2f4ad3105f77316ec\" \/><\/span>\n<\/p>\n<p><span class=\"wpcf7-form-control-wrap\" data-name=\"acceptance-985\"><span class=\"wpcf7-form-control wpcf7-acceptance\"><span class=\"wpcf7-list-item\"><input type=\"checkbox\" name=\"acceptance-985\" value=\"1\" aria-invalid=\"false\" \/><\/span><\/span><\/span> Accepto que es tractin les meves dades per gestionar la consulta corresponent conforme a la <a href=\"https:\/\/marc-marti.com\/ca\/politica-de-privacidad\/\">pol\u00edtiques de privadesa<\/a> que he llegit i accepto.\n<\/p>\n<p><input class=\"wpcf7-form-control wpcf7-submit has-spinner\" type=\"submit\" value=\"Enviar\" \/>\n<\/p><div class=\"wpcf7-response-output\" aria-hidden=\"true\"><\/div>\n<\/form>\n<\/div>\n<\/div><\/div><\/div><\/div>\n<\/p>\n","protected":false},"excerpt":{"rendered":"","protected":false},"author":1,"featured_media":0,"parent":0,"menu_order":0,"comment_status":"closed","ping_status":"closed","template":"100-width.php","meta":{"footnotes":""},"class_list":["post-1510","page","type-page","status-publish","hentry"],"yoast_head":"<!-- This site is optimized with the Yoast SEO plugin v27.2 - https:\/\/yoast.com\/product\/yoast-seo-wordpress\/ -->\n<title>Decoraci\u00f3 d\u2019interiors - Marc-Mart\u00ed<\/title>\n<meta name=\"description\" content=\"Impressi\u00f3 digital per a decoraci\u00f3 d\u02bbinteriors i revestiments vin\u00edlics: Restauraci\u00f3 de Vest\u00edbuls, passadissos, habitacions, banys, portes, ascensors, sales de confer\u00e8ncies, zones de restauraci\u00f3\" \/>\n<meta name=\"robots\" content=\"index, follow, max-snippet:-1, max-image-preview:large, max-video-preview:-1\" \/>\n<link rel=\"canonical\" href=\"https:\/\/marc-marti.com\/ca\/decoracio-dinteriors\/\" \/>\n<meta property=\"og:locale\" content=\"ca_ES\" \/>\n<meta property=\"og:type\" content=\"article\" \/>\n<meta property=\"og:title\" content=\"Decoraci\u00f3 d\u2019interiors - Marc-Mart\u00ed\" \/>\n<meta property=\"og:description\" content=\"Impressi\u00f3 digital per a decoraci\u00f3 d\u02bbinteriors i revestiments vin\u00edlics: Restauraci\u00f3 de Vest\u00edbuls, passadissos, habitacions, banys, portes, ascensors, sales de confer\u00e8ncies, zones de restauraci\u00f3\" \/>\n<meta property=\"og:url\" content=\"https:\/\/marc-marti.com\/ca\/decoracio-dinteriors\/\" \/>\n<meta property=\"og:site_name\" content=\"Marc-Mart\u00ed\" \/>\n<meta property=\"article:modified_time\" content=\"2022-08-24T15:48:50+00:00\" \/>\n<meta name=\"twitter:card\" content=\"summary_large_image\" \/>\n<meta name=\"twitter:label1\" content=\"Temps estimat de lectura\" \/>\n\t<meta name=\"twitter:data1\" content=\"7 minuts\" \/>\n<script type=\"application\/ld+json\" class=\"yoast-schema-graph\">{\"@context\":\"https:\/\/schema.org\",\"@graph\":[{\"@type\":\"WebPage\",\"@id\":\"https:\/\/marc-marti.com\/ca\/decoracio-dinteriors\/\",\"url\":\"https:\/\/marc-marti.com\/ca\/decoracio-dinteriors\/\",\"name\":\"Decoraci\u00f3 d\u2019interiors - Marc-Mart\u00ed\",\"isPartOf\":{\"@id\":\"https:\/\/marc-marti.com\/#website\"},\"datePublished\":\"2022-08-04T05:15:00+00:00\",\"dateModified\":\"2022-08-24T15:48:50+00:00\",\"description\":\"Impressi\u00f3 digital per a decoraci\u00f3 d\u02bbinteriors i revestiments vin\u00edlics: Restauraci\u00f3 de Vest\u00edbuls, passadissos, habitacions, banys, portes, ascensors, sales de confer\u00e8ncies, zones de restauraci\u00f3\",\"breadcrumb\":{\"@id\":\"https:\/\/marc-marti.com\/ca\/decoracio-dinteriors\/#breadcrumb\"},\"inLanguage\":\"ca\",\"potentialAction\":[{\"@type\":\"ReadAction\",\"target\":[\"https:\/\/marc-marti.com\/ca\/decoracio-dinteriors\/\"]}]},{\"@type\":\"BreadcrumbList\",\"@id\":\"https:\/\/marc-marti.com\/ca\/decoracio-dinteriors\/#breadcrumb\",\"itemListElement\":[{\"@type\":\"ListItem\",\"position\":1,\"name\":\"Portada\",\"item\":\"https:\/\/marc-marti.com\/ca\/\"},{\"@type\":\"ListItem\",\"position\":2,\"name\":\"Decoraci\u00f3 d\u2019interiors\"}]},{\"@type\":\"WebSite\",\"@id\":\"https:\/\/marc-marti.com\/#website\",\"url\":\"https:\/\/marc-marti.com\/\",\"name\":\"Marc-Mart\u00ed\",\"description\":\"Impresi\u00f3n digital gran formato\",\"potentialAction\":[{\"@type\":\"SearchAction\",\"target\":{\"@type\":\"EntryPoint\",\"urlTemplate\":\"https:\/\/marc-marti.com\/?s={search_term_string}\"},\"query-input\":{\"@type\":\"PropertyValueSpecification\",\"valueRequired\":true,\"valueName\":\"search_term_string\"}}],\"inLanguage\":\"ca\"}]}<\/script>\n<!-- \/ Yoast SEO plugin. -->","yoast_head_json":{"title":"Decoraci\u00f3 d\u2019interiors - Marc-Mart\u00ed","description":"Impressi\u00f3 digital per a decoraci\u00f3 d\u02bbinteriors i revestiments vin\u00edlics: Restauraci\u00f3 de Vest\u00edbuls, passadissos, habitacions, banys, portes, ascensors, sales de confer\u00e8ncies, zones de restauraci\u00f3","robots":{"index":"index","follow":"follow","max-snippet":"max-snippet:-1","max-image-preview":"max-image-preview:large","max-video-preview":"max-video-preview:-1"},"canonical":"https:\/\/marc-marti.com\/ca\/decoracio-dinteriors\/","og_locale":"ca_ES","og_type":"article","og_title":"Decoraci\u00f3 d\u2019interiors - Marc-Mart\u00ed","og_description":"Impressi\u00f3 digital per a decoraci\u00f3 d\u02bbinteriors i revestiments vin\u00edlics: Restauraci\u00f3 de Vest\u00edbuls, passadissos, habitacions, banys, portes, ascensors, sales de confer\u00e8ncies, zones de restauraci\u00f3","og_url":"https:\/\/marc-marti.com\/ca\/decoracio-dinteriors\/","og_site_name":"Marc-Mart\u00ed","article_modified_time":"2022-08-24T15:48:50+00:00","twitter_card":"summary_large_image","twitter_misc":{"Temps estimat de lectura":"7 minuts"},"schema":{"@context":"https:\/\/schema.org","@graph":[{"@type":"WebPage","@id":"https:\/\/marc-marti.com\/ca\/decoracio-dinteriors\/","url":"https:\/\/marc-marti.com\/ca\/decoracio-dinteriors\/","name":"Decoraci\u00f3 d\u2019interiors - Marc-Mart\u00ed","isPartOf":{"@id":"https:\/\/marc-marti.com\/#website"},"datePublished":"2022-08-04T05:15:00+00:00","dateModified":"2022-08-24T15:48:50+00:00","description":"Impressi\u00f3 digital per a decoraci\u00f3 d\u02bbinteriors i revestiments vin\u00edlics: Restauraci\u00f3 de Vest\u00edbuls, passadissos, habitacions, banys, portes, ascensors, sales de confer\u00e8ncies, zones de restauraci\u00f3","breadcrumb":{"@id":"https:\/\/marc-marti.com\/ca\/decoracio-dinteriors\/#breadcrumb"},"inLanguage":"ca","potentialAction":[{"@type":"ReadAction","target":["https:\/\/marc-marti.com\/ca\/decoracio-dinteriors\/"]}]},{"@type":"BreadcrumbList","@id":"https:\/\/marc-marti.com\/ca\/decoracio-dinteriors\/#breadcrumb","itemListElement":[{"@type":"ListItem","position":1,"name":"Portada","item":"https:\/\/marc-marti.com\/ca\/"},{"@type":"ListItem","position":2,"name":"Decoraci\u00f3 d\u2019interiors"}]},{"@type":"WebSite","@id":"https:\/\/marc-marti.com\/#website","url":"https:\/\/marc-marti.com\/","name":"Marc-Mart\u00ed","description":"Impresi\u00f3n digital gran formato","potentialAction":[{"@type":"SearchAction","target":{"@type":"EntryPoint","urlTemplate":"https:\/\/marc-marti.com\/?s={search_term_string}"},"query-input":{"@type":"PropertyValueSpecification","valueRequired":true,"valueName":"search_term_string"}}],"inLanguage":"ca"}]}},"_links":{"self":[{"href":"https:\/\/marc-marti.com\/ca\/wp-json\/wp\/v2\/pages\/1510","targetHints":{"allow":["GET"]}}],"collection":[{"href":"https:\/\/marc-marti.com\/ca\/wp-json\/wp\/v2\/pages"}],"about":[{"href":"https:\/\/marc-marti.com\/ca\/wp-json\/wp\/v2\/types\/page"}],"author":[{"embeddable":true,"href":"https:\/\/marc-marti.com\/ca\/wp-json\/wp\/v2\/users\/1"}],"replies":[{"embeddable":true,"href":"https:\/\/marc-marti.com\/ca\/wp-json\/wp\/v2\/comments?post=1510"}],"version-history":[{"count":0,"href":"https:\/\/marc-marti.com\/ca\/wp-json\/wp\/v2\/pages\/1510\/revisions"}],"wp:attachment":[{"href":"https:\/\/marc-marti.com\/ca\/wp-json\/wp\/v2\/media?parent=1510"}],"curies":[{"name":"wp","href":"https:\/\/api.w.org\/{rel}","templated":true}]}}