{"id":1573,"date":"2022-07-26T07:58:04","date_gmt":"2022-07-26T05:58:04","guid":{"rendered":"https:\/\/marc-marti.com\/politica-de-privacidad\/"},"modified":"2023-03-22T15:26:19","modified_gmt":"2023-03-22T14:26:19","slug":"politica-de-privacidad","status":"publish","type":"page","link":"https:\/\/marc-marti.com\/ca\/politica-de-privacidad\/","title":{"rendered":"Aviso legal y condiciones de uso"},"content":{"rendered":"<h1>Av\u00eds legal, Pol\u00edtica de Privadesa i condicions d&#8217;\u00fas<\/h1>\n<h2>Condicions d&#8217;\u00fas<\/h2>\n<p>El present document t\u00e9 per finalitat regular les normes d&#8217;\u00fas del lloc web (en endavant &#8220;Lloc&#8221;). En compliment de la Llei 34\/2002, d&#8217;11 de juliol, de serveis de la societat de la informaci\u00f3 i de comer\u00e7 electr\u00f2nic, l&#8217;informem que M.M. BARCELONA S.L. (Des d&#8217;ara &#8220;MARC MART\u00cd&#8221;) \u00e9s el titular del lloc, amb NIF B60001013 i domicili en Carrer Motors, n\u00fam. 332-338, 08908, Hospitalet de Llobregat. Podeu contactar amb nosaltres, a m\u00e9s d&#8217;estar a la seva disposici\u00f3 al nostre domicili, usant els seg\u00fcents mitjans: per correu electr\u00f2nic a: (Adre\u00e7a de correu electr\u00f2nic)<\/p>\n<p>Els Termes &#8220;Vost\u00e8&#8221; i &#8220;Usuari&#8221; s&#8217;empren aqu\u00ed per referir-se a tots els individus o entitats que per qualsevol ra\u00f3 accedeixin al lloc.<\/p>\n<p>Per visitar WEB no s&#8217;exigeix \u200b\u200bla pr\u00e8via subscripci\u00f3 o registre com a usuari.<\/p>\n<p>El lloc proporciona als usuaris acc\u00e9s a continguts i els serveis relacionats amb &#8220;MARC MART\u00cd&#8221;, inclusivament m\u00fasica, imatges, f\u00f2rums, text, informaci\u00f3 i altres continguts similars, de manera que la utilitzaci\u00f3 del lloc suposa l&#8217;acceptaci\u00f3 d&#8217;aquest av\u00eds legal.<\/p>\n<h2>Limitaci\u00f3 de la responsabilitat<\/h2>\n<p>&#8220;MARC MART\u00cd&#8221; es reserva el dret de modificar peri\u00f2dicament (tant pel que fa als continguts del lloc com en les condicions d&#8217;\u00fas), al vostre gust i sense pr\u00e8via advert\u00e8ncia, el present av\u00eds legal, per adaptar-la a futures novetats legislatives o jurisprudencials que resultin d&#8217;aplicaci\u00f3, informant pr\u00e8viament als usuaris dels canvis que es produeixin. Amb aquesta finalitat, els recomanem que cada vegada que accedeixin al lloc, o a qualsevol dels seus continguts o serveis, llegeixin amb detall el present Av\u00eds Legal. Per tot aix\u00f2, &#8220;MARC MART\u00cd&#8221; es reserva el dret a actualitzar, modificar o eliminar la informaci\u00f3 continguda al seu lloc, i la configuraci\u00f3 o presentaci\u00f3 d&#8217;aquest, en qualsevol moment, sense previ av\u00eds, i sense assumir cap responsabilitat per aix\u00f2. El fet que l&#8217;usuari utilitzi el lloc despr\u00e9s de les modificacions del present av\u00eds legal, suposar\u00e0 que aquest accepta aquestes modificacions.<\/p>\n<p>En cas de dubte o controv\u00e8rsia relatives al nostre Av\u00eds legal pot posar-se en contacte amb nosaltres dirigint-se a l&#8217;adre\u00e7a de correu electr\u00f2nic (Adre\u00e7a de correu electr\u00f2nic).<\/p>\n<p>&#8220;MARC MART\u00cd&#8221; no es responsabilitza del mal \u00fas que es realitzi dels continguts del lloc, sent exclusiva responsabilitat de la persona que accedeix a ells o els fa servir. L&#8217;usuari que accedeix al lloc, ho fa sota el seu propi compte i risc i t\u00e9 l&#8217;obligaci\u00f3 de complir la legislaci\u00f3, reglaments i normatives locals. &#8220;MARC MART\u00cd&#8221; o qualsevol altra entitat que hagi participat en la creaci\u00f3, producci\u00f3 o provisi\u00f3 d&#8217;aquest lloc no seran responsables dels danys directes, incidentals, conseq\u00fc\u00e8ncies, indirectes o punitius derivats de l&#8217;acc\u00e9s, \u00fas o incapacitat d&#8217;\u00fas d&#8217;aquest lloc (o del seu enlla\u00e7), aix\u00ed com d&#8217;errors o omissions en el contingut d&#8217;aquesta. Tampoc es responsabilitzaran del mal \u00fas que es faci dels continguts del lloc, sent exclusiva responsabilitat de la persona que accedeix a ells o els utilitza. Tampoc assumeix cap responsabilitat per la informaci\u00f3 continguda en llocs web de tercers a les que es pugui accedir per enlla\u00e7os des del lloc.<\/p>\n<p>Tampoc assumim cap responsabilitat per la informaci\u00f3 continguda en llocs web de tercers a les que es pugui accedir per enlla\u00e7os des que WEB.<\/p>\n<p>&#8220;MARC MART\u00cd&#8221; no garanteix la fiabilitat, disponibilitat o continu\u00eftat dels serveis posats a disposici\u00f3 de l&#8217;usuari, de manera que exclou qualsevol responsabilitat pels danys o perjudicis que es puguin deure a la falta de disponibilitat, fiabilitat o continu\u00eftat del seu lloc o dels seus serveis, encara que intentar\u00e0 facilitar, en la mesura de les seves possibilitats, ajuda t\u00e8cnica a la persona afectada, aix\u00ed com intentar restablir immediatament la interrupci\u00f3, posant a la seva disposici\u00f3, en la mesura de les seves possibilitats, mitjans alternatius.<\/p>\n<h2>Propietat intel\u00b7lectual i \u00das correcte dels continguts<\/h2>\n<p>Tots els drets de propietat intel\u00b7lectual derivats del contingut d&#8217;aquest lloc, el seu disseny gr\u00e0fic i el seu codi font, pertanyen a &#8220;MARC MART\u00cd&#8221;, corresponent-nos l&#8217;exercici exclusiu dels drets d&#8217;explotaci\u00f3 d&#8217;aquests. Per tant, queda prohibida la seva reproducci\u00f3, distribuci\u00f3, comunicaci\u00f3 p\u00fablica i transformaci\u00f3, total o parcial, sense l&#8217;autoritzaci\u00f3 expressa de &#8220;MARC MART\u00cd&#8221;, tots els noms comercials, marques o signes diferents de qualsevol classe continguts en aquest lloc estan protegits per llei. Seran, com a resultat, obres protegides com a propietat intel\u00b7lectual per l&#8217;ordenament jur\u00eddic espanyol, ser\u00e0 d&#8217;aplicaci\u00f3 tant la normativa espanyola i comunit\u00e0ria en aquest camp, com els tractats internacionals relatius a la mat\u00e8ria i subscrits per Espanya.<\/p>\n<p>&#8220;MARC MART\u00cd&#8221; declara que els drets de propietat industrial (marques, noms comercials, continguts, textos, imatges, sons, v\u00eddeos, programari, estructura del web, gr\u00e0fics, icones, dibuixos industrials, disseny, informaci\u00f3 o animacions) que apareixen en aquest lloc s\u00f3n de la seva propietat o es troben leg\u00edtimament explotats en virtut d&#8217;acords o llic\u00e8ncies d&#8217;\u00fas, trobant-se degudament protegits per la Normativa existent sobre propietat industrial. L&#8217;\u00fas o ab\u00fas d&#8217;aquestes marques registrades o altres materials qualssevol, excepte els permesos en aquest Lloc, estan expressament prohibits i poden constituir violaci\u00f3 de la Llei de Propietat Intel\u00b7lectual o la Llei de Marques o la Llei de Publicitat o la Llei de compet\u00e8ncia deslleial, i altra normativa aplicable al cas.<\/p>\n<p>Els drets sobre els materials i continguts corresponen \u00edntegrament a &#8220;MARC MART\u00cd&#8221; o a tercers que hagin estat autoritzats mitjan\u00e7ant contracte per escrit. S&#8217;obliga a l&#8217;usuari a fer servir el lloc de forma diligent, correcta i l\u00edcita i, en particular, es compromet a no:<\/p>\n<p>(A) Suprimir, eludir o manipular el &#8220;copyright&#8221;, marques i altres dades identificatives dels drets de &#8220;MARC MART\u00cd&#8221; o dels seus titulars incorporats als continguts del lloc, aix\u00ed com els dispositius t\u00e8cnics de protecci\u00f3 o qualsevol mecanisme d&#8217;informaci\u00f3 que poguessin contenir els mateixos.<\/p>\n<p>(B) Emprar els continguts i, en particular, la informaci\u00f3 de WEB obtinguda a trav\u00e9s del seu lloc per a remetre publicitat, comunicacions amb fins de venda directa o amb qualsevol altra classe de finalitat comercial, missatges no sol\u00b7licitats dirigits a una pluralitat de persones.<\/p>\n<p>(C) Reproduir o copiar, distribuir, permetre l&#8217;acc\u00e9s del p\u00fablic a trav\u00e9s de qualsevol modalitat de comunicaci\u00f3 p\u00fablica, transformar o modificar els continguts, llevat que es compti amb l&#8217;autoritzaci\u00f3 del titular dels corresponents drets o aix\u00f2 resulti legalment perm\u00e8s.<\/p>\n<p>(D) En general, utilitzar els continguts de forma, amb fins o efectes contraris a la llei, a la moral i als bons costums generalment acceptades a l&#8217;ordre p\u00fablic. &#8220;MARC MART\u00cd&#8221; no concedeix cap llic\u00e8ncia o autoritzaci\u00f3 d&#8217;\u00fas de cap classe sobre els seus drets de propietat industrial i intel\u00b7lectual o sobre qualsevol altra propietat o dret relacionat amb el seu lloc.<\/p>\n<p>(E) Queda prohibida qualsevol forma de transmissi\u00f3, distribuci\u00f3, emmagatzematge, comunicaci\u00f3 p\u00fablica, posada a disposici\u00f3, reproducci\u00f3, enginyeria inversa, pr\u00e9stec o lloguer i qualsevol altre acte d&#8217;explotaci\u00f3 p\u00fablica respecte a aquest lloc, contingut i informaci\u00f3 d&#8217;aquesta. La utilitzaci\u00f3 del lloc per l&#8217;usuari, no comporta la cessi\u00f3 de titularitat, dret, llic\u00e8ncia o gens d&#8217;inter\u00e8s sobre aquesta propietat intel\u00b7lectual, de manera que l&#8217;usuari podr\u00e0 fer servir els continguts per a les seves pr\u00f2pies necessitats, per\u00f2 no per fer cap mena d&#8217;explotaci\u00f3 (directament o indirecta) de car\u00e0cter comercial.<\/p>\n<p>Resumint, l&#8217;usuari es compromet a emprar el lloc, els continguts i serveis de conformitat amb la Llei, el present Av\u00eds Legal, els bons costums i l&#8217;ordre p\u00fablic. Aix\u00ed mateix, l&#8217;usuari no pot usar el lloc, els seus continguts o els serveis que es prestin a trav\u00e9s d&#8217;aquest amb fins o efectes il\u00b7l\u00edcits o contraris al contingut d&#8217;aquest av\u00eds legal, lesius dels interessos o drets de tercers, o que de qualsevol forma puguin danyar, inutilitzar, fer inaccessibles o deteriorar el lloc, els seus continguts o els seus serveis o impedir un gaudi normal de la mateixa per altres usuaris. De la mateixa manera, l&#8217;usuari es compromet expressament a no destruir, alterar, inutilitzar o danyar les dades, programes o documents electr\u00f2nics que es trobin en el lloc.<\/p>\n<p>Procediment en cas de violaci\u00f3 de drets de propietat intel\u00b7lectual: En el cas que qualsevol Usuari o un tercer consideri que qualsevol dels continguts ha estat introdu\u00eft en el nostre lloc amb violaci\u00f3 dels seus drets de propietat intel\u00b7lectual haur\u00e0 d&#8217;enviar una notificaci\u00f3 a (Adre\u00e7a de correu electr\u00f2nic) amb indicaci\u00f3 completa i precisa de les seves dades i dels drets de propietat intel\u00b7lectual suposadament infringits, aix\u00ed com la web.<\/p>\n<h2>Pol\u00edtica d&#8217;enlla\u00e7os<\/h2>\n<p>&#8220;MARC MART\u00cd&#8221; no es fa responsable del contingut ni de la informaci\u00f3 dels llocs web de tercers a les que l&#8217;usuari pugui accedir a trav\u00e9s dels enlla\u00e7os establerts al seu lloc. Aix\u00ed mateix, tampoc garantir\u00e0 la disponibilitat t\u00e8cnica, exactitud, veracitat, validesa o legalitat de p\u00e0gines alienes a la seva propietat a les que es pugui accedir per mitj\u00e0 dels enlla\u00e7os.<\/p>\n<p>&#8220;MARC MART\u00cd&#8221; declara haver adoptat totes les mesures necess\u00e0ries per evitar qualsevol classe de danys que, als usuaris del seu lloc, poguessin derivar-se de la navegaci\u00f3 per la seva p\u00e0gina web. En conseq\u00fc\u00e8ncia, &#8220;MARC MART\u00cd&#8221; no es fa responsable, en cap cas, dels eventuals danys que per la navegaci\u00f3 per Internet pogu\u00e9s patir l&#8217;usuari.<\/p>\n<h2>Modificacions<\/h2>\n<p>Com s&#8217;ha comentat en l&#8217;apartat de limitaci\u00f3 de responsabilitat, &#8220;MARC MART\u00cd&#8221; es reserva el dret de realitzar les modificacions que consideri oportunes, sense av\u00eds previ, en el contingut del seu lloc, tant pel que fa als continguts del lloc, com en les condicions d&#8217;\u00fas d&#8217;aquesta.<\/p>\n<p>Per tot aix\u00f2, &#8220;MARC MART\u00cd&#8221; es reserva el dret a actualitzar, modificar o eliminar la informaci\u00f3 continguda al seu lloc, i la configuraci\u00f3 o presentaci\u00f3 d&#8217;aquest, en qualsevol moment, sense previ av\u00eds, i sense assumir cap responsabilitat per aix\u00f2.<\/p>\n<h2>Galetes<\/h2>\n<p>Les galetes s\u00f3n petits arxius que s&#8217;instal\u00b7len a l&#8217;ordinador de l&#8217;usuari i que permeten als responsables d&#8217;un servei millorar la forma d&#8217;interactuar entre els seus visitants i el seu lloc. En alguns casos, la instal\u00b7laci\u00f3 d&#8217;aquestes galetes requereix el consentiment de l&#8217;usuari.<\/p>\n<p>Hi ha diferents classes de galetes, afectades i no afectades per la Llei:<\/p>\n<p>Galetes no afectades:<\/p>\n<ul>\n<li><strong> T\u00e8cniques<\/strong>: S\u00f3n necess\u00e0ria per a la navegaci\u00f3. Sense elles la p\u00e0gina no funcionaria adequadament.<\/li>\n<li><strong> De personalitzaci\u00f3 o configuraci\u00f3:<\/strong> Permeten que la p\u00e0gina reconegui l&#8217;idioma de l&#8217;usuari, la mida de lletres, etc.<\/li>\n<li><strong> De seguretat: <\/strong>Impedeixen o dificulten atacs contra el lloc o els seus usuaris.<\/li>\n<\/ul>\n<p><strong>Galetes afectades:<\/strong><\/p>\n<ul>\n<li><strong> Anal\u00edtiques:<\/strong> Permeten mesurar l&#8217;activitat dels usuaris i elaborar estad\u00edstiques de navegaci\u00f3.<\/li>\n<li><strong> Publicit\u00e0ries:<\/strong> Gestionen la freq\u00fc\u00e8ncia i el contingut dels anuncis.<\/li>\n<li><strong> De seguiment:<\/strong> Emmagatzemen informaci\u00f3 sobre els usuaris per mostrar-los publicitat personalitzada.<\/li>\n<\/ul>\n<p>WEB informa que el lloc utilitza Google Analytics, un servei anal\u00edtic de web prestat per Google, Inc., una companyia de Delaware l&#8217;oficina principal a 1600 Amphitheatre Parkway, Mountain View (Calif\u00f2rnia), CA 94043, Estats Units (&#8220;Google&#8221;).<\/p>\n<p>Google Analytics usa &#8220;galetes&#8221; per ajudar al lloc a analitzar l&#8217;\u00fas que fan els usuaris del lloc. La informaci\u00f3 que genera la galeta sobre el seu \u00fas del lloc (incloent-hi la seva adre\u00e7a IP) ser\u00e0 directament transmesa i arxivada per Google en els servidors d&#8217;Estats Units. M\u00e9s informaci\u00f3 a la p\u00e0gina de galetes de Google.<\/p>\n<p>Quan visita WEB, algunes galetes no les instal\u00b7larem nosaltres, sin\u00f3 que les instal\u00b7laran tercers. Per exemple, si fa clic en un anunci d&#8217;un tercer que apareix en el lloc, per exemple publicitat, aquest tercer pot instal\u00b7lar les galetes al dispositiu. Tenim una relaci\u00f3 comercial amb aquests tercers, per\u00f2 no vam instal\u00b7lar les galetes al dispositiu. Per tant, suggerim que vagi als llocs web d&#8217;aquests tercers per obtenir m\u00e9s informaci\u00f3 sobre les galetes que s&#8217;instal\u00b7len i com vost\u00e8 pot gestionar-les.<\/p>\n<p>Pot vost\u00e8 rebutjar el tractament de les dades o la informaci\u00f3 rebutjant l&#8217;\u00fas de galetes mitjan\u00e7ant la selecci\u00f3 de la configuraci\u00f3 apropiada del seu navegador, per\u00f2, ha de vost\u00e8 saber que si ho fa pot ser que no pugui usar la plena funcionalitat d&#8217;aquest lloc. En utilitzar aquest lloc vost\u00e8 consent el tractament d&#8217;informaci\u00f3 sobre vost\u00e8 per Google en la forma i per als fins dalt indicats.<\/p>\n<h2><strong>Protecci\u00f3 de dades<\/strong><\/h2>\n<p>Visitar web no suposa que l&#8217;usuari estigui obligat a facilitar cap informaci\u00f3 sobre si mateix. La informaci\u00f3 personal que ens faciliti a trav\u00e9s dels diferents formularis, en els correus electr\u00f2nics o qualsevol altre mitj\u00e0 que es presenten en el lloc, passar\u00e0 a ser introdu\u00efda en un fitxer automatitzat sota la responsabilitat de &#8220;MARC MART\u00cd&#8221;, i es mantindr\u00e0 confidencial i protegida. En cap cas es destinar\u00e0 o emprar\u00e0 per a altres fins, ni es lliurar\u00e0 a terceres persones sense el seu consentiment, d&#8217;acord amb els principis de protecci\u00f3 de dades de la llei espanyola LOPD (Llei Org\u00e0nica 15\/99, de l&#8217;13 de desembre, de Protecci\u00f3 de dades de car\u00e0cter personal i RD 1720\/2007, de 21 de desembre, de Reglament de Desenvolupament). Per complir amb les diferents disposicions legals, hem establert diferents nivells de seguretat per protegir les dades personals que ens facilitin, havent adoptat totes les mesures t\u00e8cniques al nostre abast per evitar la p\u00e8rdua, mal \u00fas, alteraci\u00f3, acc\u00e9s no autoritzat i manipulaci\u00f3 d&#8217;aquestes dades personals.<\/p>\n<p>T\u00e9 sempre dret a exercir els seus drets d&#8217;acc\u00e9s, rectificaci\u00f3, oposici\u00f3 o cancel\u00b7laci\u00f3 de les dades personals que ens hagi proporcionat. Si aix\u00ed ho desitja, poseu-vos en contacte amb nosaltres, indicant el dret que desitja exercir juntament amb c\u00f2pia del seu Document d&#8217;Identitat a: (Adre\u00e7a de correu electr\u00f2nic) o b\u00e9 a Carrer Motors, n\u00fam. 332-338, 08908, Hospitalet de Llobregat.<\/p>\n","protected":false},"excerpt":{"rendered":"<p>Av\u00eds legal, Pol\u00edtica de Privadesa i condicions d&#8217;\u00fas Condicions d&#8217;\u00fas  [&#8230;]<\/p>\n","protected":false},"author":1,"featured_media":0,"parent":0,"menu_order":0,"comment_status":"closed","ping_status":"closed","template":"","meta":{"footnotes":""},"class_list":["post-1573","page","type-page","status-publish","hentry"],"yoast_head":"<!-- This site is optimized with the Yoast SEO plugin v27.2 - https:\/\/yoast.com\/product\/yoast-seo-wordpress\/ -->\n<title>Aviso legal y condiciones de uso - Marc-Mart\u00ed<\/title>\n<meta name=\"robots\" content=\"index, follow, max-snippet:-1, max-image-preview:large, max-video-preview:-1\" \/>\n<link rel=\"canonical\" href=\"https:\/\/marc-marti.com\/ca\/politica-de-privacidad\/\" \/>\n<meta property=\"og:locale\" content=\"ca_ES\" \/>\n<meta property=\"og:type\" content=\"article\" \/>\n<meta property=\"og:title\" content=\"Aviso legal y condiciones de uso - Marc-Mart\u00ed\" \/>\n<meta property=\"og:description\" content=\"Av\u00eds legal, Pol\u00edtica de Privadesa i condicions d&#8217;\u00fas Condicions d&#8217;\u00fas [...]\" \/>\n<meta property=\"og:url\" content=\"https:\/\/marc-marti.com\/ca\/politica-de-privacidad\/\" \/>\n<meta property=\"og:site_name\" content=\"Marc-Mart\u00ed\" \/>\n<meta property=\"article:modified_time\" content=\"2023-03-22T14:26:19+00:00\" \/>\n<meta name=\"twitter:card\" content=\"summary_large_image\" \/>\n<meta name=\"twitter:label1\" content=\"Temps estimat de lectura\" \/>\n\t<meta name=\"twitter:data1\" content=\"10 minuts\" \/>\n<script type=\"application\/ld+json\" class=\"yoast-schema-graph\">{\"@context\":\"https:\/\/schema.org\",\"@graph\":[{\"@type\":\"WebPage\",\"@id\":\"https:\/\/marc-marti.com\/ca\/politica-de-privacidad\/\",\"url\":\"https:\/\/marc-marti.com\/ca\/politica-de-privacidad\/\",\"name\":\"Aviso legal y condiciones de uso - Marc-Mart\u00ed\",\"isPartOf\":{\"@id\":\"https:\/\/marc-marti.com\/#website\"},\"datePublished\":\"2022-07-26T05:58:04+00:00\",\"dateModified\":\"2023-03-22T14:26:19+00:00\",\"breadcrumb\":{\"@id\":\"https:\/\/marc-marti.com\/ca\/politica-de-privacidad\/#breadcrumb\"},\"inLanguage\":\"ca\",\"potentialAction\":[{\"@type\":\"ReadAction\",\"target\":[\"https:\/\/marc-marti.com\/ca\/politica-de-privacidad\/\"]}]},{\"@type\":\"BreadcrumbList\",\"@id\":\"https:\/\/marc-marti.com\/ca\/politica-de-privacidad\/#breadcrumb\",\"itemListElement\":[{\"@type\":\"ListItem\",\"position\":1,\"name\":\"Portada\",\"item\":\"https:\/\/marc-marti.com\/ca\/\"},{\"@type\":\"ListItem\",\"position\":2,\"name\":\"Aviso legal y condiciones de uso\"}]},{\"@type\":\"WebSite\",\"@id\":\"https:\/\/marc-marti.com\/#website\",\"url\":\"https:\/\/marc-marti.com\/\",\"name\":\"Marc-Mart\u00ed\",\"description\":\"Impresi\u00f3n digital gran formato\",\"potentialAction\":[{\"@type\":\"SearchAction\",\"target\":{\"@type\":\"EntryPoint\",\"urlTemplate\":\"https:\/\/marc-marti.com\/?s={search_term_string}\"},\"query-input\":{\"@type\":\"PropertyValueSpecification\",\"valueRequired\":true,\"valueName\":\"search_term_string\"}}],\"inLanguage\":\"ca\"}]}<\/script>\n<!-- \/ Yoast SEO plugin. -->","yoast_head_json":{"title":"Aviso legal y condiciones de uso - Marc-Mart\u00ed","robots":{"index":"index","follow":"follow","max-snippet":"max-snippet:-1","max-image-preview":"max-image-preview:large","max-video-preview":"max-video-preview:-1"},"canonical":"https:\/\/marc-marti.com\/ca\/politica-de-privacidad\/","og_locale":"ca_ES","og_type":"article","og_title":"Aviso legal y condiciones de uso - Marc-Mart\u00ed","og_description":"Av\u00eds legal, Pol\u00edtica de Privadesa i condicions d&#8217;\u00fas Condicions d&#8217;\u00fas [...]","og_url":"https:\/\/marc-marti.com\/ca\/politica-de-privacidad\/","og_site_name":"Marc-Mart\u00ed","article_modified_time":"2023-03-22T14:26:19+00:00","twitter_card":"summary_large_image","twitter_misc":{"Temps estimat de lectura":"10 minuts"},"schema":{"@context":"https:\/\/schema.org","@graph":[{"@type":"WebPage","@id":"https:\/\/marc-marti.com\/ca\/politica-de-privacidad\/","url":"https:\/\/marc-marti.com\/ca\/politica-de-privacidad\/","name":"Aviso legal y condiciones de uso - Marc-Mart\u00ed","isPartOf":{"@id":"https:\/\/marc-marti.com\/#website"},"datePublished":"2022-07-26T05:58:04+00:00","dateModified":"2023-03-22T14:26:19+00:00","breadcrumb":{"@id":"https:\/\/marc-marti.com\/ca\/politica-de-privacidad\/#breadcrumb"},"inLanguage":"ca","potentialAction":[{"@type":"ReadAction","target":["https:\/\/marc-marti.com\/ca\/politica-de-privacidad\/"]}]},{"@type":"BreadcrumbList","@id":"https:\/\/marc-marti.com\/ca\/politica-de-privacidad\/#breadcrumb","itemListElement":[{"@type":"ListItem","position":1,"name":"Portada","item":"https:\/\/marc-marti.com\/ca\/"},{"@type":"ListItem","position":2,"name":"Aviso legal y condiciones de uso"}]},{"@type":"WebSite","@id":"https:\/\/marc-marti.com\/#website","url":"https:\/\/marc-marti.com\/","name":"Marc-Mart\u00ed","description":"Impresi\u00f3n digital gran formato","potentialAction":[{"@type":"SearchAction","target":{"@type":"EntryPoint","urlTemplate":"https:\/\/marc-marti.com\/?s={search_term_string}"},"query-input":{"@type":"PropertyValueSpecification","valueRequired":true,"valueName":"search_term_string"}}],"inLanguage":"ca"}]}},"_links":{"self":[{"href":"https:\/\/marc-marti.com\/ca\/wp-json\/wp\/v2\/pages\/1573","targetHints":{"allow":["GET"]}}],"collection":[{"href":"https:\/\/marc-marti.com\/ca\/wp-json\/wp\/v2\/pages"}],"about":[{"href":"https:\/\/marc-marti.com\/ca\/wp-json\/wp\/v2\/types\/page"}],"author":[{"embeddable":true,"href":"https:\/\/marc-marti.com\/ca\/wp-json\/wp\/v2\/users\/1"}],"replies":[{"embeddable":true,"href":"https:\/\/marc-marti.com\/ca\/wp-json\/wp\/v2\/comments?post=1573"}],"version-history":[{"count":0,"href":"https:\/\/marc-marti.com\/ca\/wp-json\/wp\/v2\/pages\/1573\/revisions"}],"wp:attachment":[{"href":"https:\/\/marc-marti.com\/ca\/wp-json\/wp\/v2\/media?parent=1573"}],"curies":[{"name":"wp","href":"https:\/\/api.w.org\/{rel}","templated":true}]}}