{"id":1585,"date":"2022-08-19T09:33:11","date_gmt":"2022-08-19T09:33:11","guid":{"rendered":"https:\/\/marc-marti.com\/politica-de-cookies\/"},"modified":"2022-08-19T09:56:42","modified_gmt":"2022-08-19T09:56:42","slug":"politica-de-cookies","status":"publish","type":"page","link":"https:\/\/marc-marti.com\/ca\/politica-de-cookies\/","title":{"rendered":"Pol\u00edtica de Cookies"},"content":{"rendered":"<h1>Pol\u00edtica de Cookies<\/h1>\n<h2>Sobre aquesta pol\u00edtica de privacitat<\/h2>\n<p>Aquesta pol\u00edtica de cookies explica quines cookies tenim i com les usem. Recomanem que llegeixis aquesta pol\u00edtica de cookies per a entendre qu\u00e8 s\u00f3n, com les fem servir, quins tipus existeixen, etc. Per exemple: la informaci\u00f3 que recollim a trav\u00e9s de la cookies, com est\u00e0 informaci\u00f3 \u00e9s manejada i com controlar les prefer\u00e8ncies de cookies. Per a m\u00e9s informaci\u00f3 de com utilitzem, gestionem i guardem les dades personals, si us plau llegeix la nostra pol\u00edtica de privacitat.<\/p>\n<p>Aquest consentiment afecta a marc-marti.com<\/p>\n<h2>Qu\u00e8 s\u00f3n les cookies?<\/h2>\n<p>Les cookies s\u00f3n petits fitxers de text que fan \u00fas per a emmagatzemar algunes dades. Les cookies s\u2019emmagatzemen en el teu dispositiu quan el lloc web es carrega a trav\u00e9s del teu navegador. Aquestes cookies ajuden a fer que el lloc web funcioni de forma correcta, fent a la web m\u00e9s segura i donant una millor experi\u00e8ncia d\u2019usuari. Tamb\u00e9 no ajuda a entendre com s\u2019usa la web i analitzar quins aspectes necessiten treballs o millores.<\/p>\n<h2>Com fem servir les cookies?<\/h2>\n<p>Com la major part dels serveis web online, la nostra web fa servir cookies pr\u00f2pies i de tercers per a diferents prop\u00f2sits. Les pr\u00f2pies s\u00f3n les m\u00e9s necess\u00e0ries perqu\u00e8 el lloc web funcioni de forma adequada, i no recullen dades personals sobre tu.<\/p>\n<p>Les cookies de tercers registren com fa \u00fas el nostre lloc i com interactues amb ell. Amb elles tamb\u00e9, tractem de mantenir els nostres serveis segurs i mostrar-te contingut rellevant per a tu. D\u2019aquesta forma millorem l\u2019experi\u00e8ncia d\u2019usuari i facilitem l\u2019\u00fas futur que puguis fer de la nostra web.<\/p>\n<h2>Quins tipus de cookies utilitzem?<\/h2>\n<p><strong>Estad\u00edstiques<\/strong>: Aquestes cookies emmagatzemen informaci\u00f3 com el nombre de visitants d\u2019un lloc web, el nombre de visitants \u00fanics, quines p\u00e0gines estan sent visitades, la font de les visites, etc. Aquestes dades ens ajuden a entendre i analitzar com funciona la web, com treballeu amb ella i com podem millorar-la.<\/p>\n<p><strong>Funcionals:<\/strong>\u00a0Aquestes s\u00f3n cookies que ajuden en algunes funcionalitats no essencials. Per exemple, en com es veuen els v\u00eddeos, o com es comparteix contingut a trav\u00e9s de xarxes socials.<\/p>\n<p><strong>Prefer\u00e8ncies:<\/strong>\u00a0Aquestes cookies guarden algunes prefer\u00e8ncies i opcions per a fer-te m\u00e9s senzilla la teva pr\u00f2xima visita a la nostra botiga. Per exemple la\u00a0cookie\u00a0que guarda l\u2019idioma preferit.<\/p>\n<p>La informaci\u00f3 emmagatzemada en aquestes cookies poden alguns casos ser tamb\u00e9 llegida per algun prove\u00efdor extern com Facebook, YouTube o Google\u00a0Analytics\u00a0per a proporcionar serveis d\u2019anal\u00edtica o per a millorar la forma en qu\u00e8 es veuen els v\u00eddeos per exemple.<\/p>\n<table class=\"cookielawinfo-row-cat-table cookielawinfo-winter\"><thead><tr><th class=\"cookielawinfo-column-1\">Galeta<\/th><th class=\"cookielawinfo-column-3\">Durada<\/th><th class=\"cookielawinfo-column-4\">Descripci\u00f3<\/th><\/tr><\/thead><tbody><tr class=\"cookielawinfo-row\"><td class=\"cookielawinfo-column-1\">cookielawinfo-checkbox-analytics<\/td><td class=\"cookielawinfo-column-3\">11 mesos<\/td><td class=\"cookielawinfo-column-4\">Esta cookie est\u00e1 configurada por el complemento de consentimiento de cookies de GDPR. La cookie se utiliza para almacenar el consentimiento del usuario para las cookies en la categor\u00eda \"An\u00e1lisis\".<\/td><\/tr><tr class=\"cookielawinfo-row\"><td class=\"cookielawinfo-column-1\">cookielawinfo-checkbox-functional<\/td><td class=\"cookielawinfo-column-3\">11 mesos<\/td><td class=\"cookielawinfo-column-4\">Cookie \u00e9s set per GDPR galeta consent el record de l'usuari consent per a les galetes al categoria \"Functional\".<\/td><\/tr><tr class=\"cookielawinfo-row\"><td class=\"cookielawinfo-column-1\">cookielawinfo-checkbox-necessary<\/td><td class=\"cookielawinfo-column-3\">11 mesos<\/td><td class=\"cookielawinfo-column-4\">Aquesta cookie \u00e9s set per GDPR Cookie Consent plugin. Les galetes (cookies) s'utilitzen per a l'usuari consentent les galetes al categoria \"Necessary\".<\/td><\/tr><tr class=\"cookielawinfo-row\"><td class=\"cookielawinfo-column-1\">cookielawinfo-checkbox-performance<\/td><td class=\"cookielawinfo-column-3\">11 mesos<\/td><td class=\"cookielawinfo-column-4\">Aquesta galeta \u00e9s set per GDPR Cookie Consent plugin. La galeta \u00e9s usada per a l'usuari consentent les galetes al categoria \"Performance\".<\/td><\/tr><tr class=\"cookielawinfo-row\"><td class=\"cookielawinfo-column-1\">viewed_cookie_policy<\/td><td class=\"cookielawinfo-column-3\">11 mesos<\/td><td class=\"cookielawinfo-column-4\">Cookie \u00e9s set per al GDPR Cookie Consent plugin and use store whether or not user has consented to use of cookies. It does not store any personal data.<\/td><\/tr><\/tbody><\/table>\n<h2>Com controlem les prefer\u00e8ncies de les cookies?<\/h2>\n<p>Quan entres per primera vegada pots decidir com canviar les prefer\u00e8ncies a trav\u00e9s del bot\u00f3 que apareix a baix sobre l\u2019acceptaci\u00f3 de cookies.<\/p>\n<p>A part, existeixen diferents formes de bloquejar cookies amb el teu navegador o amb algun complement associat a ell. A trav\u00e9s d\u2019ells, pots bloquejar o esborrar les cookies. Per a saber m\u00e9s sobre cookies, com esborrar-les, bloquejar-les o gestionar-les visita els seg\u00fcents enlla\u00e7os\u00a0<a href=\"https:\/\/web.archive.org\/web\/20210727043844\/https:\/en.wikipedia.org\/wiki\/HTTP_cookie\">wikipedia.org<\/a>,\u00a0<a href=\"https:\/\/web.archive.org\/web\/20210727043844\/http:\/www.allaboutcookies.org\/\">www.allaboutcookies.org.<\/a><\/p>\n<p>&nbsp;<\/p>\n","protected":false},"excerpt":{"rendered":"<p>Pol\u00edtica de Cookies Sobre aquesta pol\u00edtica de privacitat Aquesta pol\u00edtica  [&#8230;]<\/p>\n","protected":false},"author":1,"featured_media":0,"parent":0,"menu_order":0,"comment_status":"closed","ping_status":"closed","template":"","meta":{"footnotes":""},"class_list":["post-1585","page","type-page","status-publish","hentry"],"yoast_head":"<!-- This site is optimized with the Yoast SEO plugin v27.2 - https:\/\/yoast.com\/product\/yoast-seo-wordpress\/ -->\n<title>Pol\u00edtica de Cookies - Marc-Mart\u00ed<\/title>\n<meta name=\"robots\" content=\"index, follow, max-snippet:-1, max-image-preview:large, max-video-preview:-1\" \/>\n<link rel=\"canonical\" href=\"https:\/\/marc-marti.com\/ca\/politica-de-cookies\/\" \/>\n<meta property=\"og:locale\" content=\"ca_ES\" \/>\n<meta property=\"og:type\" content=\"article\" \/>\n<meta property=\"og:title\" content=\"Pol\u00edtica de Cookies - Marc-Mart\u00ed\" \/>\n<meta property=\"og:description\" content=\"Pol\u00edtica de Cookies Sobre aquesta pol\u00edtica de privacitat Aquesta pol\u00edtica [...]\" \/>\n<meta property=\"og:url\" content=\"https:\/\/marc-marti.com\/ca\/politica-de-cookies\/\" \/>\n<meta property=\"og:site_name\" content=\"Marc-Mart\u00ed\" \/>\n<meta property=\"article:modified_time\" content=\"2022-08-19T09:56:42+00:00\" \/>\n<meta name=\"twitter:card\" content=\"summary_large_image\" \/>\n<meta name=\"twitter:label1\" content=\"Temps estimat de lectura\" \/>\n\t<meta name=\"twitter:data1\" content=\"3 minuts\" \/>\n<script type=\"application\/ld+json\" class=\"yoast-schema-graph\">{\"@context\":\"https:\/\/schema.org\",\"@graph\":[{\"@type\":\"WebPage\",\"@id\":\"https:\/\/marc-marti.com\/ca\/politica-de-cookies\/\",\"url\":\"https:\/\/marc-marti.com\/ca\/politica-de-cookies\/\",\"name\":\"Pol\u00edtica de Cookies - Marc-Mart\u00ed\",\"isPartOf\":{\"@id\":\"https:\/\/marc-marti.com\/#website\"},\"datePublished\":\"2022-08-19T09:33:11+00:00\",\"dateModified\":\"2022-08-19T09:56:42+00:00\",\"breadcrumb\":{\"@id\":\"https:\/\/marc-marti.com\/ca\/politica-de-cookies\/#breadcrumb\"},\"inLanguage\":\"ca\",\"potentialAction\":[{\"@type\":\"ReadAction\",\"target\":[\"https:\/\/marc-marti.com\/ca\/politica-de-cookies\/\"]}]},{\"@type\":\"BreadcrumbList\",\"@id\":\"https:\/\/marc-marti.com\/ca\/politica-de-cookies\/#breadcrumb\",\"itemListElement\":[{\"@type\":\"ListItem\",\"position\":1,\"name\":\"Portada\",\"item\":\"https:\/\/marc-marti.com\/ca\/\"},{\"@type\":\"ListItem\",\"position\":2,\"name\":\"Pol\u00edtica de Cookies\"}]},{\"@type\":\"WebSite\",\"@id\":\"https:\/\/marc-marti.com\/#website\",\"url\":\"https:\/\/marc-marti.com\/\",\"name\":\"Marc-Mart\u00ed\",\"description\":\"Impresi\u00f3n digital gran formato\",\"potentialAction\":[{\"@type\":\"SearchAction\",\"target\":{\"@type\":\"EntryPoint\",\"urlTemplate\":\"https:\/\/marc-marti.com\/?s={search_term_string}\"},\"query-input\":{\"@type\":\"PropertyValueSpecification\",\"valueRequired\":true,\"valueName\":\"search_term_string\"}}],\"inLanguage\":\"ca\"}]}<\/script>\n<!-- \/ Yoast SEO plugin. -->","yoast_head_json":{"title":"Pol\u00edtica de Cookies - Marc-Mart\u00ed","robots":{"index":"index","follow":"follow","max-snippet":"max-snippet:-1","max-image-preview":"max-image-preview:large","max-video-preview":"max-video-preview:-1"},"canonical":"https:\/\/marc-marti.com\/ca\/politica-de-cookies\/","og_locale":"ca_ES","og_type":"article","og_title":"Pol\u00edtica de Cookies - Marc-Mart\u00ed","og_description":"Pol\u00edtica de Cookies Sobre aquesta pol\u00edtica de privacitat Aquesta pol\u00edtica [...]","og_url":"https:\/\/marc-marti.com\/ca\/politica-de-cookies\/","og_site_name":"Marc-Mart\u00ed","article_modified_time":"2022-08-19T09:56:42+00:00","twitter_card":"summary_large_image","twitter_misc":{"Temps estimat de lectura":"3 minuts"},"schema":{"@context":"https:\/\/schema.org","@graph":[{"@type":"WebPage","@id":"https:\/\/marc-marti.com\/ca\/politica-de-cookies\/","url":"https:\/\/marc-marti.com\/ca\/politica-de-cookies\/","name":"Pol\u00edtica de Cookies - Marc-Mart\u00ed","isPartOf":{"@id":"https:\/\/marc-marti.com\/#website"},"datePublished":"2022-08-19T09:33:11+00:00","dateModified":"2022-08-19T09:56:42+00:00","breadcrumb":{"@id":"https:\/\/marc-marti.com\/ca\/politica-de-cookies\/#breadcrumb"},"inLanguage":"ca","potentialAction":[{"@type":"ReadAction","target":["https:\/\/marc-marti.com\/ca\/politica-de-cookies\/"]}]},{"@type":"BreadcrumbList","@id":"https:\/\/marc-marti.com\/ca\/politica-de-cookies\/#breadcrumb","itemListElement":[{"@type":"ListItem","position":1,"name":"Portada","item":"https:\/\/marc-marti.com\/ca\/"},{"@type":"ListItem","position":2,"name":"Pol\u00edtica de Cookies"}]},{"@type":"WebSite","@id":"https:\/\/marc-marti.com\/#website","url":"https:\/\/marc-marti.com\/","name":"Marc-Mart\u00ed","description":"Impresi\u00f3n digital gran formato","potentialAction":[{"@type":"SearchAction","target":{"@type":"EntryPoint","urlTemplate":"https:\/\/marc-marti.com\/?s={search_term_string}"},"query-input":{"@type":"PropertyValueSpecification","valueRequired":true,"valueName":"search_term_string"}}],"inLanguage":"ca"}]}},"_links":{"self":[{"href":"https:\/\/marc-marti.com\/ca\/wp-json\/wp\/v2\/pages\/1585","targetHints":{"allow":["GET"]}}],"collection":[{"href":"https:\/\/marc-marti.com\/ca\/wp-json\/wp\/v2\/pages"}],"about":[{"href":"https:\/\/marc-marti.com\/ca\/wp-json\/wp\/v2\/types\/page"}],"author":[{"embeddable":true,"href":"https:\/\/marc-marti.com\/ca\/wp-json\/wp\/v2\/users\/1"}],"replies":[{"embeddable":true,"href":"https:\/\/marc-marti.com\/ca\/wp-json\/wp\/v2\/comments?post=1585"}],"version-history":[{"count":0,"href":"https:\/\/marc-marti.com\/ca\/wp-json\/wp\/v2\/pages\/1585\/revisions"}],"wp:attachment":[{"href":"https:\/\/marc-marti.com\/ca\/wp-json\/wp\/v2\/media?parent=1585"}],"curies":[{"name":"wp","href":"https:\/\/api.w.org\/{rel}","templated":true}]}}